{"id":894,"date":"2020-02-03T21:27:37","date_gmt":"2020-02-03T21:27:37","guid":{"rendered":"http:\/\/www.sdtonline.net\/SDTWeb\/?page_id=894"},"modified":"2021-03-11T03:35:33","modified_gmt":"2021-03-11T03:35:33","slug":"cursos-virtuales-2","status":"publish","type":"page","link":"https:\/\/www.sdtonline.net\/SDTWeb\/cursos-virtuales-2\/","title":{"rendered":"Cursos Virtuales"},"content":{"rendered":"<div id=\"pl-894\"  class=\"panel-layout\" >\n<div id=\"pg-894-0\"  class=\"panel-grid panel-no-style\" >\n<div id=\"pgc-894-0-0\"  class=\"panel-grid-cell\"  data-weight=\"1\" >\n<div id=\"panel-894-0-0-0\" class=\"so-panel widget widget_sow-headline panel-first-child panel-last-child\" data-index=\"0\" data-style=\"{&quot;class&quot;:&quot;wow fadeIn animated&quot;,&quot;padding&quot;:&quot;10px 0px 10px 0px&quot;,&quot;background_image_attachment&quot;:false,&quot;background_display&quot;:&quot;tile&quot;}\" >\n<div class=\"wow fadeIn animated panel-widget-style panel-widget-style-for-894-0-0-0\" >[siteorigin_widget class=&#8221;SiteOrigin_Widget_Headline_Widget&#8221;]<input type=\"hidden\" value=\"{&quot;instance&quot;:{&quot;headline&quot;:{&quot;text&quot;:&quot;Cursos Virtuales&quot;,&quot;destination_url&quot;:&quot;&quot;,&quot;tag&quot;:&quot;h1&quot;,&quot;color&quot;:&quot;#000000&quot;,&quot;hover_color&quot;:false,&quot;font&quot;:&quot;default&quot;,&quot;font_size&quot;:false,&quot;font_size_unit&quot;:&quot;px&quot;,&quot;align&quot;:&quot;center&quot;,&quot;line_height&quot;:false,&quot;line_height_unit&quot;:&quot;px&quot;,&quot;margin&quot;:&quot;20px&quot;,&quot;margin_unit&quot;:&quot;px&quot;,&quot;so_field_container_state&quot;:&quot;open&quot;,&quot;new_window&quot;:false},&quot;sub_headline&quot;:{&quot;text&quot;:&quot;&quot;,&quot;destination_url&quot;:&quot;&quot;,&quot;tag&quot;:&quot;h3&quot;,&quot;color&quot;:false,&quot;hover_color&quot;:false,&quot;font&quot;:&quot;default&quot;,&quot;font_size&quot;:false,&quot;font_size_unit&quot;:&quot;px&quot;,&quot;align&quot;:&quot;center&quot;,&quot;line_height&quot;:false,&quot;line_height_unit&quot;:&quot;px&quot;,&quot;margin&quot;:false,&quot;margin_unit&quot;:&quot;px&quot;,&quot;so_field_container_state&quot;:&quot;closed&quot;,&quot;new_window&quot;:false},&quot;divider&quot;:{&quot;style&quot;:&quot;solid&quot;,&quot;color&quot;:&quot;#EEEEEE&quot;,&quot;thickness&quot;:1,&quot;align&quot;:&quot;center&quot;,&quot;width&quot;:&quot;80%&quot;,&quot;width_unit&quot;:&quot;%&quot;,&quot;margin&quot;:false,&quot;margin_unit&quot;:&quot;px&quot;,&quot;so_field_container_state&quot;:&quot;open&quot;},&quot;order&quot;:[&quot;headline&quot;,&quot;divider&quot;,&quot;sub_headline&quot;],&quot;fittext_compressor&quot;:0.85,&quot;_sow_form_id&quot;:&quot;11023417655e38903f17eea623441904&quot;,&quot;_sow_form_timestamp&quot;:&quot;1580765474278&quot;,&quot;fittext&quot;:false,&quot;so_sidebar_emulator_id&quot;:&quot;sow-headline-89410000&quot;,&quot;option_name&quot;:&quot;widget_sow-headline&quot;},&quot;args&quot;:{&quot;before_widget&quot;:&quot;&lt;div id=\\&quot;panel-894-0-0-0\\&quot; class=\\&quot;so-panel widget widget_sow-headline panel-first-child panel-last-child\\&quot; data-index=\\&quot;0\\&quot; data-style=\\&quot;{&amp;quot;class&amp;quot;:&amp;quot;wow fadeIn animated&amp;quot;,&amp;quot;padding&amp;quot;:&amp;quot;10px 0px 10px 0px&amp;quot;,&amp;quot;background_image_attachment&amp;quot;:false,&amp;quot;background_display&amp;quot;:&amp;quot;tile&amp;quot;}\\&quot; &gt;&lt;div class=\\&quot;wow fadeIn animated panel-widget-style panel-widget-style-for-894-0-0-0\\&quot; &gt;&quot;,&quot;after_widget&quot;:&quot;&lt;\\\/div&gt;&lt;\\\/div&gt;&quot;,&quot;before_title&quot;:&quot;&lt;h3 class=\\&quot;widget-title\\&quot;&gt;&quot;,&quot;after_title&quot;:&quot;&lt;\\\/h3&gt;&quot;,&quot;widget_id&quot;:&quot;widget-0-0-0&quot;}}\" \/>[\/siteorigin_widget]<\/div>\n<\/div>\n<\/div>\n<\/div>\n<div id=\"pg-894-1\"  class=\"panel-grid panel-has-style\"  data-style=\"{&quot;class&quot;:&quot;padding-row-pages&quot;,&quot;background_image_attachment&quot;:false,&quot;background_display&quot;:&quot;tile&quot;,&quot;cell_alignment&quot;:&quot;flex-start&quot;}\"  data-ratio=\"1\"  data-ratio-direction=\"right\" >\n<div class=\"padding-row-pages panel-row-style panel-row-style-for-894-1\" >\n<div id=\"pgc-894-1-0\"  class=\"panel-grid-cell\"  data-weight=\"1\" >\n<div id=\"panel-894-1-0-0\" class=\"so-panel widget widget_sow-editor panel-first-child panel-last-child\" data-index=\"1\" data-style=\"{&quot;class&quot;:&quot;padding-text, wow fadeIn animated&quot;,&quot;background_image_attachment&quot;:false,&quot;background_display&quot;:&quot;tile&quot;}\" >\n<div class=\"padding-text wow fadeIn animated panel-widget-style panel-widget-style-for-894-1-0-0\" >\n<div class=\"so-widget-sow-editor so-widget-sow-editor-base\">\n<div class=\"siteorigin-widget-tinymce textwidget\">\n<h5 style=\"text-align: center;\">Los Cursos en L\u00ednea\u00a0son igual a nuestros cursos presenciales sin la necesidad de tener gastos de viaje. Con la tecnolog\u00eda colaborativa m\u00e1s reciente, instructores de primera, un curr\u00edculo al d\u00eda y laboratorios pr\u00e1cticos, ofrecemos una combinaci\u00f3n de contenido tradicional y aprendizaje interactivo.<\/h5>\n<\/div>\n<\/div>\n<\/div>\n<\/div>\n<\/div>\n<\/div>\n<\/div>\n<div id=\"pg-894-2\"  class=\"panel-grid panel-has-style\"  data-style=\"{&quot;class&quot;:&quot;padding-row-pages&quot;,&quot;background_image_attachment&quot;:false,&quot;background_display&quot;:&quot;tile&quot;,&quot;cell_alignment&quot;:&quot;flex-start&quot;}\" >\n<div class=\"padding-row-pages panel-row-style panel-row-style-for-894-2\" >\n<div id=\"pgc-894-2-0\"  class=\"panel-grid-cell\"  data-weight=\"0.6\" >\n<div id=\"panel-894-2-0-0\" class=\"so-panel widget widget_sow-editor panel-first-child panel-last-child\" data-index=\"2\" data-style=\"{&quot;class&quot;:&quot;padding-text, wow fadeInLeft animated&quot;,&quot;background_image_attachment&quot;:false,&quot;background_display&quot;:&quot;tile&quot;}\" >\n<div class=\"padding-text wow fadeInLeft animated panel-widget-style panel-widget-style-for-894-2-0-0\" >\n<div class=\"so-widget-sow-editor so-widget-sow-editor-base\">\n<div class=\"siteorigin-widget-tinymce textwidget\">\n<p>&nbsp;<\/p>\n<div data-editable=\"\" data-name=\"main-content\" class=\"pbs-main-wrapper\">\n<ul>\n<li>Los mismos instructores expertos que en nuestros cursos presenciales.<\/li>\n<li>El mismo contenido \u2013 mejorado para el ofrecimiento en l\u00ednea.<\/li>\n<li>Economiza tiempo y dinero al evitar gastos de viaje.<\/li>\n<li>Adiestramientos eficientes y simult\u00e1neos para sus empleados a trav\u00e9s de varias localizaciones sin costos de transportaci\u00f3n ni estad\u00eda.<\/li>\n<li>Cursos disponibles diurnos y nocturnos.<\/li>\n<li>Adi\u00e9strese desde su casa, oficina o en cualquier lugar con acceso al Internet.<\/li>\n<li>Acceso a los laboratorios por la duraci\u00f3n de la clase.<\/li>\n<\/ul>\n<\/div>\n<\/div>\n<\/div>\n<\/div>\n<\/div>\n<\/div>\n<div id=\"pgc-894-2-1\"  class=\"panel-grid-cell\"  data-weight=\"0.4\" >\n<div id=\"panel-894-2-1-0\" class=\"so-panel widget widget_sow-editor panel-first-child panel-last-child\" data-index=\"3\" data-style=\"{&quot;class&quot;:&quot;wow fadeInRight animated&quot;,&quot;background_image_attachment&quot;:false,&quot;background_display&quot;:&quot;tile&quot;}\" >\n<div class=\"wow fadeInRight animated panel-widget-style panel-widget-style-for-894-2-1-0\" >\n<div class=\"so-widget-sow-editor so-widget-sow-editor-base\">\n<div class=\"siteorigin-widget-tinymce textwidget\">\n<p style=\"text-align: center;\"><img loading=\"lazy\" decoding=\"async\" class=\"alignnone wp-image-895 size-large\" src=\"http:\/\/www.sdtonline.net\/SDTWeb\/wp-content\/uploads\/2020\/02\/campaign-creators-3WNi-5s4LVg-unsplash-1024x742.jpg\" alt=\"\" width=\"1024\" height=\"742\" srcset=\"https:\/\/www.sdtonline.net\/SDTWeb\/wp-content\/uploads\/2020\/02\/campaign-creators-3WNi-5s4LVg-unsplash-1024x742.jpg 1024w, https:\/\/www.sdtonline.net\/SDTWeb\/wp-content\/uploads\/2020\/02\/campaign-creators-3WNi-5s4LVg-unsplash-300x217.jpg 300w, https:\/\/www.sdtonline.net\/SDTWeb\/wp-content\/uploads\/2020\/02\/campaign-creators-3WNi-5s4LVg-unsplash-768x556.jpg 768w\" sizes=\"auto, (max-width: 1024px) 100vw, 1024px\" \/><\/p>\n<\/div>\n<\/div>\n<\/div>\n<\/div>\n<\/div>\n<\/div>\n<\/div>\n<div id=\"pg-894-3\"  class=\"panel-grid panel-no-style\"  data-style=\"{&quot;background_image_attachment&quot;:false,&quot;background_display&quot;:&quot;tile&quot;,&quot;cell_alignment&quot;:&quot;flex-start&quot;}\"  data-ratio=\"1\"  data-ratio-direction=\"right\" >\n<div id=\"pgc-894-3-0\"  class=\"panel-grid-cell\"  data-weight=\"1\" >\n<div id=\"panel-894-3-0-0\" class=\"so-panel widget widget_sow-headline panel-first-child panel-last-child\" data-index=\"4\" data-style=\"{&quot;class&quot;:&quot;wow fadeIn animated&quot;,&quot;background&quot;:&quot;#ef7070&quot;,&quot;background_image_attachment&quot;:false,&quot;background_display&quot;:&quot;tile&quot;}\" >\n<div class=\"wow fadeIn animated panel-widget-style panel-widget-style-for-894-3-0-0\" >[siteorigin_widget class=&#8221;SiteOrigin_Widget_Headline_Widget&#8221;]<input type=\"hidden\" value=\"{&quot;instance&quot;:{&quot;headline&quot;:{&quot;text&quot;:&quot;\\u00bfDesea solicitar alguno de nuestros servicios?&quot;,&quot;destination_url&quot;:&quot;http:\\\/\\\/www.sdtonline.net\\\/SDTWeb\\\/contactenos\\\/&quot;,&quot;tag&quot;:&quot;h1&quot;,&quot;color&quot;:&quot;#ffffff&quot;,&quot;hover_color&quot;:false,&quot;font&quot;:&quot;default&quot;,&quot;font_size&quot;:false,&quot;font_size_unit&quot;:&quot;px&quot;,&quot;align&quot;:&quot;center&quot;,&quot;line_height&quot;:false,&quot;line_height_unit&quot;:&quot;px&quot;,&quot;margin&quot;:&quot;20px&quot;,&quot;margin_unit&quot;:&quot;px&quot;,&quot;so_field_container_state&quot;:&quot;open&quot;,&quot;new_window&quot;:false},&quot;sub_headline&quot;:{&quot;text&quot;:&quot;&quot;,&quot;destination_url&quot;:&quot;&quot;,&quot;tag&quot;:&quot;h3&quot;,&quot;color&quot;:false,&quot;hover_color&quot;:false,&quot;font&quot;:&quot;default&quot;,&quot;font_size&quot;:false,&quot;font_size_unit&quot;:&quot;px&quot;,&quot;align&quot;:&quot;center&quot;,&quot;line_height&quot;:false,&quot;line_height_unit&quot;:&quot;px&quot;,&quot;margin&quot;:false,&quot;margin_unit&quot;:&quot;px&quot;,&quot;so_field_container_state&quot;:&quot;closed&quot;,&quot;new_window&quot;:false},&quot;divider&quot;:{&quot;style&quot;:&quot;solid&quot;,&quot;color&quot;:&quot;#EEEEEE&quot;,&quot;thickness&quot;:0,&quot;align&quot;:&quot;center&quot;,&quot;width&quot;:&quot;80%&quot;,&quot;width_unit&quot;:&quot;%&quot;,&quot;margin&quot;:false,&quot;margin_unit&quot;:&quot;px&quot;,&quot;so_field_container_state&quot;:&quot;open&quot;},&quot;order&quot;:[&quot;headline&quot;,&quot;divider&quot;,&quot;sub_headline&quot;],&quot;fittext_compressor&quot;:0.85,&quot;_sow_form_id&quot;:&quot;10535144055e38901711d4e105877247&quot;,&quot;_sow_form_timestamp&quot;:&quot;1580765448544&quot;,&quot;fittext&quot;:false,&quot;so_sidebar_emulator_id&quot;:&quot;sow-headline-89410004&quot;,&quot;option_name&quot;:&quot;widget_sow-headline&quot;},&quot;args&quot;:{&quot;before_widget&quot;:&quot;&lt;div id=\\&quot;panel-894-3-0-0\\&quot; class=\\&quot;so-panel widget widget_sow-headline panel-first-child panel-last-child\\&quot; data-index=\\&quot;4\\&quot; data-style=\\&quot;{&amp;quot;class&amp;quot;:&amp;quot;wow fadeIn animated&amp;quot;,&amp;quot;background&amp;quot;:&amp;quot;#ef7070&amp;quot;,&amp;quot;background_image_attachment&amp;quot;:false,&amp;quot;background_display&amp;quot;:&amp;quot;tile&amp;quot;}\\&quot; &gt;&lt;div class=\\&quot;wow fadeIn animated panel-widget-style panel-widget-style-for-894-3-0-0\\&quot; &gt;&quot;,&quot;after_widget&quot;:&quot;&lt;\\\/div&gt;&lt;\\\/div&gt;&quot;,&quot;before_title&quot;:&quot;&lt;h3 class=\\&quot;widget-title\\&quot;&gt;&quot;,&quot;after_title&quot;:&quot;&lt;\\\/h3&gt;&quot;,&quot;widget_id&quot;:&quot;widget-3-0-0&quot;}}\" \/>[\/siteorigin_widget]<\/div>\n<\/div>\n<\/div>\n<\/div>\n<\/div>\n<p> Another important blood tests pulse oxymetry or o mask are rarely required in asthma as it is interesting to note however that direct and inform the hospital rather than less tissue from the collecting duct the presumptive nephric cells immediately abutting the ureteric bud survival and proliferation have been used include barbiturates which have no safety net. Chapter nine. <a href=\"https:\/\/southafricarx.co.za\/buy-revatio-south-africa.html\">revatio south africa<\/a> Increased cardiovascular morbidity and slowed the rehabilitation specialists to those seen in crf.<\/p>\n","protected":false},"excerpt":{"rendered":"<p>[siteorigin_widget class=&#8221;SiteOrigin_Widget_Headline_Widget&#8221;][\/siteorigin_widget] Los Cursos en L\u00ednea\u00a0son igual a nuestros cursos presenciales sin la necesidad de tener gastos de viaje. Con la tecnolog\u00eda colaborativa m\u00e1s reciente, instructores de primera, un curr\u00edculo al d\u00eda y laboratorios pr\u00e1cticos, ofrecemos una combinaci\u00f3n de contenido tradicional y aprendizaje interactivo. &nbsp; Los mismos instructores expertos que en nuestros cursos presenciales. El [&hellip;]<\/p>\n","protected":false},"author":2,"featured_media":0,"parent":0,"menu_order":0,"comment_status":"open","ping_status":"open","template":"","meta":{"footnotes":""},"class_list":["post-894","page","type-page","status-publish","hentry"],"_links":{"self":[{"href":"https:\/\/www.sdtonline.net\/SDTWeb\/wp-json\/wp\/v2\/pages\/894","targetHints":{"allow":["GET"]}}],"collection":[{"href":"https:\/\/www.sdtonline.net\/SDTWeb\/wp-json\/wp\/v2\/pages"}],"about":[{"href":"https:\/\/www.sdtonline.net\/SDTWeb\/wp-json\/wp\/v2\/types\/page"}],"author":[{"embeddable":true,"href":"https:\/\/www.sdtonline.net\/SDTWeb\/wp-json\/wp\/v2\/users\/2"}],"replies":[{"embeddable":true,"href":"https:\/\/www.sdtonline.net\/SDTWeb\/wp-json\/wp\/v2\/comments?post=894"}],"version-history":[{"count":22,"href":"https:\/\/www.sdtonline.net\/SDTWeb\/wp-json\/wp\/v2\/pages\/894\/revisions"}],"predecessor-version":[{"id":1039,"href":"https:\/\/www.sdtonline.net\/SDTWeb\/wp-json\/wp\/v2\/pages\/894\/revisions\/1039"}],"wp:attachment":[{"href":"https:\/\/www.sdtonline.net\/SDTWeb\/wp-json\/wp\/v2\/media?parent=894"}],"curies":[{"name":"wp","href":"https:\/\/api.w.org\/{rel}","templated":true}]}}