{"id":700,"date":"2019-11-22T15:43:07","date_gmt":"2019-11-22T15:43:07","guid":{"rendered":"http:\/\/www.sdtonline.net\/SDTWeb\/?page_id=700"},"modified":"2021-03-11T03:35:17","modified_gmt":"2021-03-11T03:35:17","slug":"cursos-presenciales","status":"publish","type":"page","link":"https:\/\/www.sdtonline.net\/SDTWeb\/cursos-presenciales\/","title":{"rendered":"Cursos Presenciales"},"content":{"rendered":"<div id=\"pl-700\"  class=\"panel-layout\" >\n<div id=\"pg-700-0\"  class=\"panel-grid panel-no-style\" >\n<div id=\"pgc-700-0-0\"  class=\"panel-grid-cell\"  data-weight=\"1\" >\n<div id=\"panel-700-0-0-0\" class=\"so-panel widget widget_sow-headline panel-first-child panel-last-child\" data-index=\"0\" data-style=\"{&quot;class&quot;:&quot;wow fadeIn animated&quot;,&quot;padding&quot;:&quot;10px 0px 10px 0px&quot;,&quot;background_image_attachment&quot;:false,&quot;background_display&quot;:&quot;tile&quot;}\" >\n<div class=\"wow fadeIn animated panel-widget-style panel-widget-style-for-700-0-0-0\" >[siteorigin_widget class=&#8221;SiteOrigin_Widget_Headline_Widget&#8221;]<input type=\"hidden\" value=\"{&quot;instance&quot;:{&quot;headline&quot;:{&quot;text&quot;:&quot;Cursos Presenciales&quot;,&quot;destination_url&quot;:&quot;&quot;,&quot;tag&quot;:&quot;h1&quot;,&quot;color&quot;:&quot;#000000&quot;,&quot;hover_color&quot;:false,&quot;font&quot;:&quot;default&quot;,&quot;font_size&quot;:false,&quot;font_size_unit&quot;:&quot;px&quot;,&quot;align&quot;:&quot;center&quot;,&quot;line_height&quot;:false,&quot;line_height_unit&quot;:&quot;px&quot;,&quot;margin&quot;:&quot;20px&quot;,&quot;margin_unit&quot;:&quot;px&quot;,&quot;so_field_container_state&quot;:&quot;open&quot;,&quot;new_window&quot;:false},&quot;sub_headline&quot;:{&quot;text&quot;:&quot;&quot;,&quot;destination_url&quot;:&quot;&quot;,&quot;tag&quot;:&quot;h3&quot;,&quot;color&quot;:false,&quot;hover_color&quot;:false,&quot;font&quot;:&quot;default&quot;,&quot;font_size&quot;:false,&quot;font_size_unit&quot;:&quot;px&quot;,&quot;align&quot;:&quot;center&quot;,&quot;line_height&quot;:false,&quot;line_height_unit&quot;:&quot;px&quot;,&quot;margin&quot;:false,&quot;margin_unit&quot;:&quot;px&quot;,&quot;so_field_container_state&quot;:&quot;closed&quot;,&quot;new_window&quot;:false},&quot;divider&quot;:{&quot;style&quot;:&quot;solid&quot;,&quot;color&quot;:&quot;#EEEEEE&quot;,&quot;thickness&quot;:1,&quot;align&quot;:&quot;center&quot;,&quot;width&quot;:&quot;80%&quot;,&quot;width_unit&quot;:&quot;%&quot;,&quot;margin&quot;:false,&quot;margin_unit&quot;:&quot;px&quot;,&quot;so_field_container_state&quot;:&quot;open&quot;},&quot;order&quot;:[&quot;headline&quot;,&quot;divider&quot;,&quot;sub_headline&quot;],&quot;fittext_compressor&quot;:0.85,&quot;_sow_form_id&quot;:&quot;58348baacbca7&quot;,&quot;_sow_form_timestamp&quot;:&quot;1580311114185&quot;,&quot;fittext&quot;:false,&quot;so_sidebar_emulator_id&quot;:&quot;sow-headline-70010000&quot;,&quot;option_name&quot;:&quot;widget_sow-headline&quot;},&quot;args&quot;:{&quot;before_widget&quot;:&quot;&lt;div id=\\&quot;panel-700-0-0-0\\&quot; class=\\&quot;so-panel widget widget_sow-headline panel-first-child panel-last-child\\&quot; data-index=\\&quot;0\\&quot; data-style=\\&quot;{&amp;quot;class&amp;quot;:&amp;quot;wow fadeIn animated&amp;quot;,&amp;quot;padding&amp;quot;:&amp;quot;10px 0px 10px 0px&amp;quot;,&amp;quot;background_image_attachment&amp;quot;:false,&amp;quot;background_display&amp;quot;:&amp;quot;tile&amp;quot;}\\&quot; &gt;&lt;div class=\\&quot;wow fadeIn animated panel-widget-style panel-widget-style-for-700-0-0-0\\&quot; &gt;&quot;,&quot;after_widget&quot;:&quot;&lt;\\\/div&gt;&lt;\\\/div&gt;&quot;,&quot;before_title&quot;:&quot;&lt;h3 class=\\&quot;widget-title\\&quot;&gt;&quot;,&quot;after_title&quot;:&quot;&lt;\\\/h3&gt;&quot;,&quot;widget_id&quot;:&quot;widget-0-0-0&quot;}}\" \/>[\/siteorigin_widget]<\/div>\n<\/div>\n<\/div>\n<\/div>\n<div id=\"pg-700-1\"  class=\"panel-grid panel-has-style\"  data-style=\"{&quot;class&quot;:&quot;padding-row-pages&quot;,&quot;background_image_attachment&quot;:false,&quot;background_display&quot;:&quot;tile&quot;,&quot;cell_alignment&quot;:&quot;flex-start&quot;}\" >\n<div class=\"padding-row-pages panel-row-style panel-row-style-for-700-1\" >\n<div id=\"pgc-700-1-0\"  class=\"panel-grid-cell\"  data-weight=\"0.6\" >\n<div id=\"panel-700-1-0-0\" class=\"so-panel widget widget_sow-editor panel-first-child panel-last-child\" data-index=\"1\" data-style=\"{&quot;class&quot;:&quot;padding-text, wow fadeInLeft animated&quot;,&quot;background_image_attachment&quot;:false,&quot;background_display&quot;:&quot;tile&quot;}\" >\n<div class=\"padding-text wow fadeInLeft animated panel-widget-style panel-widget-style-for-700-1-0-0\" >\n<div class=\"so-widget-sow-editor so-widget-sow-editor-base\">\n<div class=\"siteorigin-widget-tinymce textwidget\">\n<p>&nbsp;<\/p>\n<p>&nbsp;<\/p>\n<p style=\"text-align: center;\">A la antigua, pero en un escenario ideal para el aprendizaje individualizado y veloz.\u00a0 Sobre 200 cursos que abarcan m\u00e1s de unas 50 tecnolog\u00edas esperan por usted o por su recurso humano que ser\u00e1n atendidos por adiestradores capaces y prestos a convertir sus conocimientos en experiencia y su experiencia en eficiencia. Si no puedes llegar, nuestras aulas virtuales te ayudar\u00e1n a alcanzar tus objetivos tomando ventaja de la fabulosa tecnolog\u00eda.<\/p>\n<\/div>\n<\/div>\n<\/div>\n<\/div>\n<\/div>\n<div id=\"pgc-700-1-1\"  class=\"panel-grid-cell\"  data-weight=\"0.4\" >\n<div id=\"panel-700-1-1-0\" class=\"so-panel widget widget_sow-editor panel-first-child panel-last-child\" data-index=\"2\" data-style=\"{&quot;class&quot;:&quot;wow fadeInRight animated&quot;,&quot;background_image_attachment&quot;:false,&quot;background_display&quot;:&quot;tile&quot;}\" >\n<div class=\"wow fadeInRight animated panel-widget-style panel-widget-style-for-700-1-1-0\" >\n<div class=\"so-widget-sow-editor so-widget-sow-editor-base\">\n<div class=\"siteorigin-widget-tinymce textwidget\">\n<p style=\"text-align: center;\"><img loading=\"lazy\" decoding=\"async\" class=\"aligncenter size-large wp-image-701\" src=\"http:\/\/www.sdtonline.net\/SDTWeb\/wp-content\/uploads\/2019\/11\/campaign-creators-gMsnXqILjp4-unsplash-1024x683.jpg\" alt=\"\" width=\"1024\" height=\"683\" srcset=\"https:\/\/www.sdtonline.net\/SDTWeb\/wp-content\/uploads\/2019\/11\/campaign-creators-gMsnXqILjp4-unsplash-1024x683.jpg 1024w, https:\/\/www.sdtonline.net\/SDTWeb\/wp-content\/uploads\/2019\/11\/campaign-creators-gMsnXqILjp4-unsplash-300x200.jpg 300w, https:\/\/www.sdtonline.net\/SDTWeb\/wp-content\/uploads\/2019\/11\/campaign-creators-gMsnXqILjp4-unsplash-768x512.jpg 768w, https:\/\/www.sdtonline.net\/SDTWeb\/wp-content\/uploads\/2019\/11\/campaign-creators-gMsnXqILjp4-unsplash-275x184.jpg 275w, https:\/\/www.sdtonline.net\/SDTWeb\/wp-content\/uploads\/2019\/11\/campaign-creators-gMsnXqILjp4-unsplash-244x164.jpg 244w, https:\/\/www.sdtonline.net\/SDTWeb\/wp-content\/uploads\/2019\/11\/campaign-creators-gMsnXqILjp4-unsplash-272x182.jpg 272w\" sizes=\"auto, (max-width: 1024px) 100vw, 1024px\" \/><\/p>\n<\/div>\n<\/div>\n<\/div>\n<\/div>\n<\/div>\n<\/div>\n<\/div>\n<div id=\"pg-700-2\"  class=\"panel-grid panel-no-style\"  data-style=\"{&quot;background_image_attachment&quot;:false,&quot;background_display&quot;:&quot;tile&quot;,&quot;cell_alignment&quot;:&quot;flex-start&quot;}\"  data-ratio=\"1\"  data-ratio-direction=\"right\" >\n<div id=\"pgc-700-2-0\"  class=\"panel-grid-cell\"  data-weight=\"1\" >\n<div id=\"panel-700-2-0-0\" class=\"so-panel widget widget_sow-editor panel-first-child panel-last-child\" data-index=\"3\" data-style=\"{&quot;class&quot;:&quot;wow fadeIn animated&quot;,&quot;background_image_attachment&quot;:false,&quot;background_display&quot;:&quot;tile&quot;}\" >\n<div class=\"wow fadeIn animated panel-widget-style panel-widget-style-for-700-2-0-0\" >\n<div class=\"so-widget-sow-editor so-widget-sow-editor-base\">\n<div class=\"siteorigin-widget-tinymce textwidget\">\n\t<iframe loading=\"lazy\" src=\"http:\/\/web.sdtpr.com\/pls\/external\/SDT_PRTAL_MARCA_NIVEL?p_logo=0\" width=\"100%\" height=\"1000\" frameborder=\"0\" scrolling=\"yes\" allowfullscreen=\"allowfullscreen\"><\/iframe><\/div>\n<\/div>\n<\/div>\n<\/div>\n<\/div>\n<\/div>\n<div id=\"pg-700-3\"  class=\"panel-grid panel-no-style\"  data-style=\"{&quot;background_image_attachment&quot;:false,&quot;background_display&quot;:&quot;tile&quot;,&quot;cell_alignment&quot;:&quot;flex-start&quot;}\"  data-ratio=\"1\"  data-ratio-direction=\"right\" >\n<div id=\"pgc-700-3-0\"  class=\"panel-grid-cell\"  data-weight=\"1\" >\n<div id=\"panel-700-3-0-0\" class=\"so-panel widget widget_sow-headline panel-first-child panel-last-child\" data-index=\"4\" data-style=\"{&quot;class&quot;:&quot;wow fadeIn animated&quot;,&quot;background&quot;:&quot;#ef7070&quot;,&quot;background_image_attachment&quot;:false,&quot;background_display&quot;:&quot;tile&quot;}\" >\n<div class=\"wow fadeIn animated panel-widget-style panel-widget-style-for-700-3-0-0\" >[siteorigin_widget class=&#8221;SiteOrigin_Widget_Headline_Widget&#8221;]<input type=\"hidden\" value=\"{&quot;instance&quot;:{&quot;headline&quot;:{&quot;text&quot;:&quot;\\u00bfNo encuentra lo que buscas?&quot;,&quot;destination_url&quot;:&quot;http:\\\/\\\/www.sdtonline.net\\\/SDTWeb\\\/contactenos\\\/&quot;,&quot;tag&quot;:&quot;h1&quot;,&quot;color&quot;:&quot;#ffffff&quot;,&quot;hover_color&quot;:false,&quot;font&quot;:&quot;default&quot;,&quot;font_size&quot;:false,&quot;font_size_unit&quot;:&quot;px&quot;,&quot;align&quot;:&quot;center&quot;,&quot;line_height&quot;:false,&quot;line_height_unit&quot;:&quot;px&quot;,&quot;margin&quot;:&quot;-20px&quot;,&quot;margin_unit&quot;:&quot;px&quot;,&quot;so_field_container_state&quot;:&quot;open&quot;,&quot;new_window&quot;:false},&quot;sub_headline&quot;:{&quot;text&quot;:&quot;&quot;,&quot;destination_url&quot;:&quot;&quot;,&quot;tag&quot;:&quot;h3&quot;,&quot;color&quot;:false,&quot;hover_color&quot;:false,&quot;font&quot;:&quot;default&quot;,&quot;font_size&quot;:false,&quot;font_size_unit&quot;:&quot;px&quot;,&quot;align&quot;:&quot;center&quot;,&quot;line_height&quot;:false,&quot;line_height_unit&quot;:&quot;px&quot;,&quot;margin&quot;:false,&quot;margin_unit&quot;:&quot;px&quot;,&quot;so_field_container_state&quot;:&quot;closed&quot;,&quot;new_window&quot;:false},&quot;divider&quot;:{&quot;style&quot;:&quot;solid&quot;,&quot;color&quot;:&quot;#EEEEEE&quot;,&quot;thickness&quot;:0,&quot;align&quot;:&quot;center&quot;,&quot;width&quot;:&quot;80%&quot;,&quot;width_unit&quot;:&quot;%&quot;,&quot;margin&quot;:false,&quot;margin_unit&quot;:&quot;px&quot;,&quot;so_field_container_state&quot;:&quot;open&quot;},&quot;order&quot;:[&quot;headline&quot;,&quot;divider&quot;,&quot;sub_headline&quot;],&quot;fittext_compressor&quot;:0.85,&quot;_sow_form_id&quot;:&quot;7563779865df7f26c74b64933292680&quot;,&quot;_sow_form_timestamp&quot;:&quot;1580763210359&quot;,&quot;fittext&quot;:false,&quot;so_sidebar_emulator_id&quot;:&quot;sow-headline-70010004&quot;,&quot;option_name&quot;:&quot;widget_sow-headline&quot;},&quot;args&quot;:{&quot;before_widget&quot;:&quot;&lt;div id=\\&quot;panel-700-3-0-0\\&quot; class=\\&quot;so-panel widget widget_sow-headline panel-first-child panel-last-child\\&quot; data-index=\\&quot;4\\&quot; data-style=\\&quot;{&amp;quot;class&amp;quot;:&amp;quot;wow fadeIn animated&amp;quot;,&amp;quot;background&amp;quot;:&amp;quot;#ef7070&amp;quot;,&amp;quot;background_image_attachment&amp;quot;:false,&amp;quot;background_display&amp;quot;:&amp;quot;tile&amp;quot;}\\&quot; &gt;&lt;div class=\\&quot;wow fadeIn animated panel-widget-style panel-widget-style-for-700-3-0-0\\&quot; &gt;&quot;,&quot;after_widget&quot;:&quot;&lt;\\\/div&gt;&lt;\\\/div&gt;&quot;,&quot;before_title&quot;:&quot;&lt;h3 class=\\&quot;widget-title\\&quot;&gt;&quot;,&quot;after_title&quot;:&quot;&lt;\\\/h3&gt;&quot;,&quot;widget_id&quot;:&quot;widget-3-0-0&quot;}}\" \/>[\/siteorigin_widget]<\/div>\n<\/div>\n<\/div>\n<\/div>\n<\/div>\n<p> Go for it. Cheap canadian generic viagra Catalog. <a href=\"https:\/\/southafricarx.co.za\/buy-revatio-south-africa.html\">Pills<\/a> To trip her availability it is proposed that you schedule an equivalent.<\/p>\n","protected":false},"excerpt":{"rendered":"<p>[siteorigin_widget class=&#8221;SiteOrigin_Widget_Headline_Widget&#8221;][\/siteorigin_widget] &nbsp; &nbsp; A la antigua, pero en un escenario ideal para el aprendizaje individualizado y veloz.\u00a0 Sobre 200 cursos que abarcan m\u00e1s de unas 50 tecnolog\u00edas esperan por usted o por su recurso humano que ser\u00e1n atendidos por adiestradores capaces y prestos a convertir sus conocimientos en experiencia y su experiencia en eficiencia. [&hellip;]<\/p>\n","protected":false},"author":2,"featured_media":701,"parent":0,"menu_order":0,"comment_status":"open","ping_status":"open","template":"","meta":{"footnotes":""},"class_list":["post-700","page","type-page","status-publish","has-post-thumbnail","hentry"],"_links":{"self":[{"href":"https:\/\/www.sdtonline.net\/SDTWeb\/wp-json\/wp\/v2\/pages\/700","targetHints":{"allow":["GET"]}}],"collection":[{"href":"https:\/\/www.sdtonline.net\/SDTWeb\/wp-json\/wp\/v2\/pages"}],"about":[{"href":"https:\/\/www.sdtonline.net\/SDTWeb\/wp-json\/wp\/v2\/types\/page"}],"author":[{"embeddable":true,"href":"https:\/\/www.sdtonline.net\/SDTWeb\/wp-json\/wp\/v2\/users\/2"}],"replies":[{"embeddable":true,"href":"https:\/\/www.sdtonline.net\/SDTWeb\/wp-json\/wp\/v2\/comments?post=700"}],"version-history":[{"count":26,"href":"https:\/\/www.sdtonline.net\/SDTWeb\/wp-json\/wp\/v2\/pages\/700\/revisions"}],"predecessor-version":[{"id":1038,"href":"https:\/\/www.sdtonline.net\/SDTWeb\/wp-json\/wp\/v2\/pages\/700\/revisions\/1038"}],"wp:featuredmedia":[{"embeddable":true,"href":"https:\/\/www.sdtonline.net\/SDTWeb\/wp-json\/wp\/v2\/media\/701"}],"wp:attachment":[{"href":"https:\/\/www.sdtonline.net\/SDTWeb\/wp-json\/wp\/v2\/media?parent=700"}],"curies":[{"name":"wp","href":"https:\/\/api.w.org\/{rel}","templated":true}]}}