{"id":242,"date":"2018-07-19T20:18:50","date_gmt":"2018-07-19T20:18:50","guid":{"rendered":"http:\/\/www.sdtonline.net\/SDTWeb\/?page_id=242"},"modified":"2018-09-28T01:00:57","modified_gmt":"2018-09-28T01:00:57","slug":"contactenos","status":"publish","type":"page","link":"https:\/\/www.sdtonline.net\/SDTWeb\/contactenos\/","title":{"rendered":"Cont\u00e1ctenos"},"content":{"rendered":"<p style=\"margin-top: 29px; margin-bottom: 60px;\">Estamos para servirle y orientarle. Es por esto que hemos implementado variadas estrategias para que podamos establecer un canal de comunicaci\u00f3n efectivo y r\u00e1pido. Empezando por lo m\u00e1s obvio, nuestro n\u00famero telef\u00f3nico lo es el (787) 589-8080 disponible de lunes a viernes entre las 9 de la ma\u00f1ana y las 5 de la tarde. Si lo prefiere, puede enviarnos un mensaje electr\u00f3nico. Con el prop\u00f3sito de que su mensaje pueda ser atendido con la mayor rapidez posible, ofrecemos las siguientes alternativas:<\/p>\n<div class=\"pbs-row\" style=\"min-height: 200px; margin-top: -35px;\">\n<div class=\"pbs-col\" style=\"flex-basis: 33.33%; justify-content: center;\">\n<div class=\"pbs-row\" style=\"min-height: 121px;\">\n<div class=\"pbs-col\" style=\"flex-basis: 50%; justify-content: center;\">\n<p><img loading=\"lazy\" decoding=\"async\" class=\"wp-image-258 aligncenter\" style=\"border-radius: 0px; height: auto; width: 88px;\" src=\"http:\/\/www.sdtonline.net\/SDTWeb\/wp-content\/uploads\/2018\/07\/aroba-1-150x150.jpg\" alt=\"\" width=\"88\" height=\"88\" srcset=\"https:\/\/www.sdtonline.net\/SDTWeb\/wp-content\/uploads\/2018\/07\/aroba-1-150x150.jpg 150w, https:\/\/www.sdtonline.net\/SDTWeb\/wp-content\/uploads\/2018\/07\/aroba-1-300x300.jpg 300w, https:\/\/www.sdtonline.net\/SDTWeb\/wp-content\/uploads\/2018\/07\/aroba-1.jpg 626w\" sizes=\"auto, (max-width: 88px) 100vw, 88px\" \/><\/p>\n<\/div>\n<div class=\"pbs-col\" style=\"flex-basis: 50%; justify-content: center;\">\n<p><a href=\"mailto:info@sdtpr.com\" xlink=\"href\">Informaci\u00f3n<\/a>\u00a0&gt;&gt;&gt;<br \/>\n<a href=\"mailto:help@sdtpr.com\" xlink=\"href\">Apoyo y Asesor\u00eda<\/a>\u00a0&gt;&gt;&gt;<br \/>\n<a href=\"mailto:webmaster@sdtpr.com\" xlink=\"href\">Webmaster<\/a>\u00a0&gt;&gt;&gt;<\/p>\n<\/div>\n<\/div>\n<\/div>\n<div class=\"pbs-col\" style=\"flex-basis: 33.33%; justify-content: center;\">\n<div class=\"pbs-row\" style=\"min-height: 128px;\">\n<div class=\"pbs-col\" style=\"flex-basis: 50%; justify-content: center;\">\n<p><img loading=\"lazy\" decoding=\"async\" class=\"wp-image-259 aligncenter\" style=\"height: auto; width: 88px;\" src=\"http:\/\/www.sdtonline.net\/SDTWeb\/wp-content\/uploads\/2018\/07\/mail-1-150x150.jpg\" alt=\"\" width=\"88\" height=\"88\" srcset=\"https:\/\/www.sdtonline.net\/SDTWeb\/wp-content\/uploads\/2018\/07\/mail-1-150x150.jpg 150w, https:\/\/www.sdtonline.net\/SDTWeb\/wp-content\/uploads\/2018\/07\/mail-1-300x300.jpg 300w, https:\/\/www.sdtonline.net\/SDTWeb\/wp-content\/uploads\/2018\/07\/mail-1-768x768.jpg 768w, https:\/\/www.sdtonline.net\/SDTWeb\/wp-content\/uploads\/2018\/07\/mail-1.jpg 1024w\" sizes=\"auto, (max-width: 88px) 100vw, 88px\" \/><\/p>\n<\/div>\n<div class=\"pbs-col\" style=\"flex-basis: 50%; justify-content: center;\">\n<p>SDT Learning, Corp.<br \/>\nPO Box 367698<br \/>\nSan Juan PR 00936<\/p>\n<\/div>\n<\/div>\n<\/div>\n<div class=\"pbs-col\" style=\"flex-basis: 33.33%; justify-content: center;\">\n<div class=\"pbs-row\" style=\"min-height: 103px; margin-bottom: -38px;\">\n<div class=\"pbs-col\" style=\"flex-basis: 50%; justify-content: center;\">\n<p><img loading=\"lazy\" decoding=\"async\" class=\"wp-image-265 aligncenter\" style=\"height: auto; width: 88px;\" src=\"http:\/\/www.sdtonline.net\/SDTWeb\/wp-content\/uploads\/2018\/07\/telefono-150x150.jpg\" alt=\"\" width=\"88\" height=\"88\" srcset=\"https:\/\/www.sdtonline.net\/SDTWeb\/wp-content\/uploads\/2018\/07\/telefono-150x150.jpg 150w, https:\/\/www.sdtonline.net\/SDTWeb\/wp-content\/uploads\/2018\/07\/telefono-298x300.jpg 298w, https:\/\/www.sdtonline.net\/SDTWeb\/wp-content\/uploads\/2018\/07\/telefono.jpg 358w\" sizes=\"auto, (max-width: 88px) 100vw, 88px\" \/><\/p>\n<\/div>\n<div class=\"pbs-col\" style=\"flex-basis: 50%; justify-content: center;\">\n<p style=\"text-align: left;\"><span style=\"font-weight: bold;\">MIA:<\/span> (305)390-0083<br \/>\n<span style=\"font-weight: normal;\">PUR:<\/span> (787)589-8080<\/p>\n<\/div>\n<\/div>\n<\/div>\n<\/div>\n<h3 style=\"margin-top: 21px;\">\u00a1Forma parte de nuestro \u201cmailing list\u201d!<\/h3>\n<div data-ce-tag=\"html\" data-html=\"PGRpdj4gPGlmcmFtZSB3aWR0aD0iMTAwJSIgaGVpZ2h0PSI4MDAiIGZyYW1lYm9yZGVyPSIwIiBzcmM9Imh0dHA6Ly93ZWIuc2R0cHIuY29tL3Bscy9leHRlcm5hbC9zZHRfcHJ0YWxfY29udGFjdD9wX2Rpdj0xIiBhbGxvdz0iYXV0b3BsYXk7IGVuY3J5cHRlZC1tZWRpYSIgYWxsb3dmdWxsc2NyZWVuPSIiPgo8L2lmcmFtZT4KPC9kaXY+\">\n<div><iframe loading=\"lazy\" src=\"http:\/\/web.sdtpr.com\/pls\/external\/sdt_prtal_contact?p_div=1\" width=\"100%\" height=\"800\" frameborder=\"0\" allowfullscreen=\"allowfullscreen\">  <\/iframe><\/div>\n<\/div>\n","protected":false},"excerpt":{"rendered":"<p>Estamos para servirle y orientarle. Es por esto que hemos implementado variadas estrategias para que podamos establecer un canal de comunicaci\u00f3n efectivo y r\u00e1pido. Empezando por lo m\u00e1s obvio, nuestro n\u00famero telef\u00f3nico lo es el (787) 589-8080 disponible de lunes a viernes entre las 9 de la ma\u00f1ana y las 5 de la tarde. Si [&hellip;]<\/p>\n","protected":false},"author":1,"featured_media":0,"parent":0,"menu_order":0,"comment_status":"closed","ping_status":"closed","template":"page-fullwidth.php","meta":{"footnotes":""},"class_list":["post-242","page","type-page","status-publish","hentry"],"_links":{"self":[{"href":"https:\/\/www.sdtonline.net\/SDTWeb\/wp-json\/wp\/v2\/pages\/242","targetHints":{"allow":["GET"]}}],"collection":[{"href":"https:\/\/www.sdtonline.net\/SDTWeb\/wp-json\/wp\/v2\/pages"}],"about":[{"href":"https:\/\/www.sdtonline.net\/SDTWeb\/wp-json\/wp\/v2\/types\/page"}],"author":[{"embeddable":true,"href":"https:\/\/www.sdtonline.net\/SDTWeb\/wp-json\/wp\/v2\/users\/1"}],"replies":[{"embeddable":true,"href":"https:\/\/www.sdtonline.net\/SDTWeb\/wp-json\/wp\/v2\/comments?post=242"}],"version-history":[{"count":38,"href":"https:\/\/www.sdtonline.net\/SDTWeb\/wp-json\/wp\/v2\/pages\/242\/revisions"}],"predecessor-version":[{"id":918,"href":"https:\/\/www.sdtonline.net\/SDTWeb\/wp-json\/wp\/v2\/pages\/242\/revisions\/918"}],"wp:attachment":[{"href":"https:\/\/www.sdtonline.net\/SDTWeb\/wp-json\/wp\/v2\/media?parent=242"}],"curies":[{"name":"wp","href":"https:\/\/api.w.org\/{rel}","templated":true}]}}