{"id":141,"date":"2018-07-19T05:17:47","date_gmt":"2018-07-19T05:17:47","guid":{"rendered":"http:\/\/www.sdtonline.net\/SDTWeb\/?page_id=141"},"modified":"2018-08-01T18:17:39","modified_gmt":"2018-08-01T18:17:39","slug":"reconocimientos","status":"publish","type":"page","link":"https:\/\/www.sdtonline.net\/SDTWeb\/quienes-somos\/reconocimientos\/","title":{"rendered":"Nuestros Reconocimientos"},"content":{"rendered":"<p style=\"text-align: center;\"><a href=\"http:\/\/www.sdtonline.net\/SDTWeb\/quienes-somos\/instructores\/\" xlink=\"href\">INSTRUCTORES<\/a> | <a href=\"http:\/\/www.sdtonline.net\/SDTWeb\/2018\/07\/18\/certificaciones\/\" xlink=\"href\">CERTIFICACIONES<\/a> | <a href=\"http:\/\/www.sdtonline.net\/SDTWeb\/quienes-somos\/socios\/\" xlink=\"href\">SOCIOS<\/a> | <a href=\"http:\/\/www.sdtonline.net\/SDTWeb\/quienes-somos\/caracteristicas\/\" xlink=\"href\">CARACTER\u00cdSTICAS<\/a> | <a href=\"http:\/\/www.sdtonline.net\/SDTWeb\/quienes-somos\/exitos\/\" xlink=\"href\">\u00c9XITOS<\/a> | <a href=\"http:\/\/www.sdtonline.net\/SDTWeb\/quienes-somos\/reconocimientos\/\" xlink=\"href\">RECONOCIMIENTOS<\/a><\/p>\n<p style=\"margin-top: 50px; margin-bottom: 60px;\">Desde nuestra fundaci\u00f3n. Hemos sido reconocidos en m\u00e1s de una ocasi\u00f3n como lo que somos: una empresa internacional de valor y aporte tanto a nuestra industria como al desarrollo tecnol\u00f3gico de muchas otras. Desde ese entonces hemos sabido ser recipientes entre muchos otros, de los siguientes reconocimientos:<\/p>\n<ul>\n<li>Quality Club For Excellence in Customer Satisfaction 2015 Awarded by Oracle Corp. to Denisse Vadell, SDT<\/li>\n<li>Outstanding Instructor Quality of Latin America 2001 Awarded by Oracle Corp. to SDT<\/li>\n<li>Outstanding Instructor Quality of Latin America 2002 Awarded by Oracle Corp. to SDT<\/li>\n<li>Book Sales Awards Latin American Region 2003 Element-K, Rochester, NY<\/li>\n<li>Distinguished Educators of the Year 2008 San Juan Star Newspaper<\/li>\n<\/ul>\n<p>&nbsp;<\/p>\n<p style=\"text-align: center;\"><a href=\"http:\/\/www.sdtonline.net\/SDTWeb\/quienes-somos\/instructores\/\" xlink=\"href\">INSTRUCTORES<\/a> | <a href=\"http:\/\/www.sdtonline.net\/SDTWeb\/2018\/07\/18\/certificaciones\/\" xlink=\"href\">CERTIFICACIONES<\/a> | <a href=\"http:\/\/www.sdtonline.net\/SDTWeb\/quienes-somos\/socios\/\" xlink=\"href\">SOCIOS<\/a> | <a href=\"http:\/\/www.sdtonline.net\/SDTWeb\/quienes-somos\/caracteristicas\/\" xlink=\"href\">CARACTER\u00cdSTICAS<\/a> | <a href=\"http:\/\/www.sdtonline.net\/SDTWeb\/quienes-somos\/exitos\/\" xlink=\"href\">\u00c9XITOS<\/a> | <a href=\"http:\/\/www.sdtonline.net\/SDTWeb\/quienes-somos\/reconocimientos\/\" xlink=\"href\">RECONOCIMIENTOS<\/a><\/p>\n<p>&nbsp;<\/p>\n<p style=\"text-align: center;\">[the_ad_group id=&#8221;5&#8243;]<\/p>\n","protected":false},"excerpt":{"rendered":"<p>INSTRUCTORES | CERTIFICACIONES | SOCIOS | CARACTER\u00cdSTICAS | \u00c9XITOS | RECONOCIMIENTOS Desde nuestra fundaci\u00f3n. Hemos sido reconocidos en m\u00e1s de una ocasi\u00f3n como lo que somos: una empresa internacional de valor y aporte tanto a nuestra industria como al desarrollo tecnol\u00f3gico de muchas otras. Desde ese entonces hemos sabido ser recipientes entre muchos otros, de [&hellip;]<\/p>\n","protected":false},"author":1,"featured_media":0,"parent":125,"menu_order":0,"comment_status":"closed","ping_status":"closed","template":"page-fullwidth.php","meta":{"footnotes":""},"class_list":["post-141","page","type-page","status-publish","hentry"],"_links":{"self":[{"href":"https:\/\/www.sdtonline.net\/SDTWeb\/wp-json\/wp\/v2\/pages\/141","targetHints":{"allow":["GET"]}}],"collection":[{"href":"https:\/\/www.sdtonline.net\/SDTWeb\/wp-json\/wp\/v2\/pages"}],"about":[{"href":"https:\/\/www.sdtonline.net\/SDTWeb\/wp-json\/wp\/v2\/types\/page"}],"author":[{"embeddable":true,"href":"https:\/\/www.sdtonline.net\/SDTWeb\/wp-json\/wp\/v2\/users\/1"}],"replies":[{"embeddable":true,"href":"https:\/\/www.sdtonline.net\/SDTWeb\/wp-json\/wp\/v2\/comments?post=141"}],"version-history":[{"count":8,"href":"https:\/\/www.sdtonline.net\/SDTWeb\/wp-json\/wp\/v2\/pages\/141\/revisions"}],"predecessor-version":[{"id":484,"href":"https:\/\/www.sdtonline.net\/SDTWeb\/wp-json\/wp\/v2\/pages\/141\/revisions\/484"}],"up":[{"embeddable":true,"href":"https:\/\/www.sdtonline.net\/SDTWeb\/wp-json\/wp\/v2\/pages\/125"}],"wp:attachment":[{"href":"https:\/\/www.sdtonline.net\/SDTWeb\/wp-json\/wp\/v2\/media?parent=141"}],"curies":[{"name":"wp","href":"https:\/\/api.w.org\/{rel}","templated":true}]}}