{"id":139,"date":"2018-07-19T05:17:23","date_gmt":"2018-07-19T05:17:23","guid":{"rendered":"http:\/\/www.sdtonline.net\/SDTWeb\/?page_id=139"},"modified":"2018-08-01T18:15:09","modified_gmt":"2018-08-01T18:15:09","slug":"exitos","status":"publish","type":"page","link":"https:\/\/www.sdtonline.net\/SDTWeb\/quienes-somos\/exitos\/","title":{"rendered":"Nuestros \u00c9xitos"},"content":{"rendered":"<p style=\"text-align: center;\"><a href=\"http:\/\/www.sdtonline.net\/SDTWeb\/quienes-somos\/instructores\/\" xlink=\"href\">INSTRUCTORES<\/a> | <a href=\"http:\/\/www.sdtonline.net\/SDTWeb\/2018\/07\/18\/certificaciones\/\" xlink=\"href\">CERTIFICACIONES<\/a> | <a href=\"http:\/\/www.sdtonline.net\/SDTWeb\/quienes-somos\/socios\/\" xlink=\"href\">SOCIOS<\/a> | <a href=\"http:\/\/www.sdtonline.net\/SDTWeb\/quienes-somos\/caracteristicas\/\" xlink=\"href\">CARACTER\u00cdSTICAS<\/a> | <a href=\"http:\/\/www.sdtonline.net\/SDTWeb\/quienes-somos\/exitos\/\" xlink=\"href\">\u00c9XITOS<\/a> | <a href=\"http:\/\/www.sdtonline.net\/SDTWeb\/quienes-somos\/reconocimientos\/\" xlink=\"href\">RECONOCIMIENTOS<\/a><\/p>\n<p style=\"margin-top: 50px;\">A lo largo del tiempo nos hemos embarcado en diversidad de retos que no tan s\u00f3lo hemos logrado completar de manera exitosa, sino que adem\u00e1s nos han blindado de una valiosa experiencia que ahora ponemos a su disposici\u00f3n. Entre ellas se encuentran:<\/p>\n<ul style=\"margin-top: 60px;\">\n<li>SIE \/ SIFDE \u2013 Desarrollo Material Educativo (DEPR) \u2022 Curso Upgrade Office (Pfizer)<\/li>\n<li>Salte de la Calle (ADSEF)<\/li>\n<li>Creaci\u00f3n Videos informativos (DTOP)<\/li>\n<li>Traducci\u00f3n Curso CC &amp; B (PREPA)<\/li>\n<li>Adiestramientos Nuevo CRM CC&amp;B (PREPA)<\/li>\n<li>Programa Educaci\u00f3n Continua (Wyeth-Ayerth)<\/li>\n<li>Adiestramientos Nuevo Portal .gov (OGP)<\/li>\n<li>Traducci\u00f3n \u2013 JD Edwards F.A. (MX)<\/li>\n<li>Implementaci\u00f3n de LMS Moodle (UCC)<\/li>\n<li>Implementaci\u00f3n LMS Moodle (People\u2019s Advantage)<\/li>\n<li>Sistema de calendario y matr\u00edcula autom\u00e1tica (HUERTAS)<\/li>\n<li>Sistema Administraci\u00f3n de Colegio (30 colegios privados)<\/li>\n<\/ul>\n<p>&nbsp;<\/p>\n<p style=\"text-align: center;\"><a href=\"http:\/\/www.sdtonline.net\/SDTWeb\/quienes-somos\/instructores\/\" xlink=\"href\">INSTRUCTORES<\/a> | <a href=\"http:\/\/www.sdtonline.net\/SDTWeb\/2018\/07\/18\/certificaciones\/\" xlink=\"href\">CERTIFICACIONES<\/a> | <a href=\"http:\/\/www.sdtonline.net\/SDTWeb\/quienes-somos\/socios\/\" xlink=\"href\">SOCIOS<\/a> | <a href=\"http:\/\/www.sdtonline.net\/SDTWeb\/quienes-somos\/caracteristicas\/\" xlink=\"href\">CARACTER\u00cdSTICAS<\/a> | <a href=\"http:\/\/www.sdtonline.net\/SDTWeb\/quienes-somos\/exitos\/\" xlink=\"href\">\u00c9XITOS<\/a> | <a href=\"http:\/\/www.sdtonline.net\/SDTWeb\/quienes-somos\/reconocimientos\/\" xlink=\"href\">RECONOCIMIENTOS<\/a><\/p>\n<p>&nbsp;<\/p>\n<p style=\"text-align: center;\">[the_ad_group id=&#8221;5&#8243;]<\/p>\n","protected":false},"excerpt":{"rendered":"<p>INSTRUCTORES | CERTIFICACIONES | SOCIOS | CARACTER\u00cdSTICAS | \u00c9XITOS | RECONOCIMIENTOS A lo largo del tiempo nos hemos embarcado en diversidad de retos que no tan s\u00f3lo hemos logrado completar de manera exitosa, sino que adem\u00e1s nos han blindado de una valiosa experiencia que ahora ponemos a su disposici\u00f3n. Entre ellas se encuentran: SIE \/ [&hellip;]<\/p>\n","protected":false},"author":1,"featured_media":0,"parent":125,"menu_order":0,"comment_status":"closed","ping_status":"closed","template":"page-fullwidth.php","meta":{"footnotes":""},"class_list":["post-139","page","type-page","status-publish","hentry"],"_links":{"self":[{"href":"https:\/\/www.sdtonline.net\/SDTWeb\/wp-json\/wp\/v2\/pages\/139","targetHints":{"allow":["GET"]}}],"collection":[{"href":"https:\/\/www.sdtonline.net\/SDTWeb\/wp-json\/wp\/v2\/pages"}],"about":[{"href":"https:\/\/www.sdtonline.net\/SDTWeb\/wp-json\/wp\/v2\/types\/page"}],"author":[{"embeddable":true,"href":"https:\/\/www.sdtonline.net\/SDTWeb\/wp-json\/wp\/v2\/users\/1"}],"replies":[{"embeddable":true,"href":"https:\/\/www.sdtonline.net\/SDTWeb\/wp-json\/wp\/v2\/comments?post=139"}],"version-history":[{"count":8,"href":"https:\/\/www.sdtonline.net\/SDTWeb\/wp-json\/wp\/v2\/pages\/139\/revisions"}],"predecessor-version":[{"id":483,"href":"https:\/\/www.sdtonline.net\/SDTWeb\/wp-json\/wp\/v2\/pages\/139\/revisions\/483"}],"up":[{"embeddable":true,"href":"https:\/\/www.sdtonline.net\/SDTWeb\/wp-json\/wp\/v2\/pages\/125"}],"wp:attachment":[{"href":"https:\/\/www.sdtonline.net\/SDTWeb\/wp-json\/wp\/v2\/media?parent=139"}],"curies":[{"name":"wp","href":"https:\/\/api.w.org\/{rel}","templated":true}]}}