{"id":137,"date":"2018-07-19T05:17:06","date_gmt":"2018-07-19T05:17:06","guid":{"rendered":"http:\/\/www.sdtonline.net\/SDTWeb\/?page_id=137"},"modified":"2018-08-01T18:13:05","modified_gmt":"2018-08-01T18:13:05","slug":"caracteristicas","status":"publish","type":"page","link":"https:\/\/www.sdtonline.net\/SDTWeb\/quienes-somos\/caracteristicas\/","title":{"rendered":"Caracter\u00edsticas"},"content":{"rendered":"<p style=\"text-align: center;\"><a href=\"http:\/\/www.sdtonline.net\/SDTWeb\/quienes-somos\/instructores\/\" xlink=\"href\">INSTRUCTORES<\/a>| <a href=\"http:\/\/www.sdtonline.net\/SDTWeb\/2018\/07\/18\/certificaciones\/\" xlink=\"href\">CERTIFICACIONES<\/a>\u00a0| <a href=\"http:\/\/www.sdtonline.net\/SDTWeb\/quienes-somos\/socios\/\" xlink=\"href\">SOCIOS<\/a> | <a href=\"http:\/\/www.sdtonline.net\/SDTWeb\/quienes-somos\/caracteristicas\/\" xlink=\"href\">CARACTER\u00cdSTICAS<\/a> | <a href=\"http:\/\/www.sdtonline.net\/SDTWeb\/quienes-somos\/exitos\/\" xlink=\"href\">\u00c9XITOS<\/a> | <a href=\"http:\/\/www.sdtonline.net\/SDTWeb\/quienes-somos\/reconocimientos\/\" xlink=\"href\">RECONOCIMIENTOS<\/a><\/p>\n<p style=\"margin-top: 50px;\">\u00bfQu\u00e9 nos distingue de los dem\u00e1s? Muchas cosas. Pero como dicen que para muestra con un bot\u00f3n basta, aqu\u00ed enumeramos las que creemos son nuestras caracter\u00edsticas primordiales.<\/p>\n<ul style=\"margin-top: 60px;\">\n<li>Exitosa metodolog\u00eda educativa probada y efectiva.<\/li>\n<li>M\u00e1s de 150 cursos disponibles para diferentes \u00e1reas.<\/li>\n<li>Instructores preparados y con experiencia en su \u00e1rea.<\/li>\n<li>Nos enfocamos en la satisfacci\u00f3n del cliente con un servicio garantizado.<\/li>\n<li>Cursos multimedios disponibles presenciales o en l\u00ednea.<\/li>\n<li>Desarrollo de contenido educativo y documentaci\u00f3n de S.O.P.<\/li>\n<li>Traducciones de documentos t\u00e9cnicos y S.O.P.<\/li>\n<li>Traducciones simult\u00e1neas de sus eventos y seminarios educativos.<\/li>\n<li>Capacidades t\u00e9cnicas en sistemas empresariales avanzados.<\/li>\n<li>Vasta experiencia en el manejo exitoso de proyectos internacionales.<\/li>\n<\/ul>\n<p>&nbsp;<\/p>\n<p style=\"text-align: center;\"><a href=\"http:\/\/www.sdtonline.net\/SDTWeb\/quienes-somos\/instructores\/\" xlink=\"href\">INSTRUCTORES<\/a>| <a href=\"http:\/\/www.sdtonline.net\/SDTWeb\/2018\/07\/18\/certificaciones\/\" xlink=\"href\">CERTIFICACIONES<\/a>\u00a0| <a href=\"http:\/\/www.sdtonline.net\/SDTWeb\/quienes-somos\/socios\/\" xlink=\"href\">SOCIOS<\/a> | <a href=\"http:\/\/www.sdtonline.net\/SDTWeb\/quienes-somos\/caracteristicas\/\" xlink=\"href\">CARACTER\u00cdSTICAS<\/a> | <a href=\"http:\/\/www.sdtonline.net\/SDTWeb\/quienes-somos\/exitos\/\" xlink=\"href\">\u00c9XITOS<\/a> | <a href=\"http:\/\/www.sdtonline.net\/SDTWeb\/quienes-somos\/reconocimientos\/\" xlink=\"href\">RECONOCIMIENTOS<\/a><\/p>\n<p>&nbsp;<\/p>\n<p style=\"text-align: center;\">[the_ad_group id=&#8221;5&#8243;]<\/p>\n","protected":false},"excerpt":{"rendered":"<p>INSTRUCTORES| CERTIFICACIONES\u00a0| SOCIOS | CARACTER\u00cdSTICAS | \u00c9XITOS | RECONOCIMIENTOS \u00bfQu\u00e9 nos distingue de los dem\u00e1s? Muchas cosas. Pero como dicen que para muestra con un bot\u00f3n basta, aqu\u00ed enumeramos las que creemos son nuestras caracter\u00edsticas primordiales. Exitosa metodolog\u00eda educativa probada y efectiva. M\u00e1s de 150 cursos disponibles para diferentes \u00e1reas. Instructores preparados y con experiencia [&hellip;]<\/p>\n","protected":false},"author":1,"featured_media":0,"parent":125,"menu_order":0,"comment_status":"closed","ping_status":"closed","template":"page-fullwidth.php","meta":{"footnotes":""},"class_list":["post-137","page","type-page","status-publish","hentry"],"_links":{"self":[{"href":"https:\/\/www.sdtonline.net\/SDTWeb\/wp-json\/wp\/v2\/pages\/137","targetHints":{"allow":["GET"]}}],"collection":[{"href":"https:\/\/www.sdtonline.net\/SDTWeb\/wp-json\/wp\/v2\/pages"}],"about":[{"href":"https:\/\/www.sdtonline.net\/SDTWeb\/wp-json\/wp\/v2\/types\/page"}],"author":[{"embeddable":true,"href":"https:\/\/www.sdtonline.net\/SDTWeb\/wp-json\/wp\/v2\/users\/1"}],"replies":[{"embeddable":true,"href":"https:\/\/www.sdtonline.net\/SDTWeb\/wp-json\/wp\/v2\/comments?post=137"}],"version-history":[{"count":9,"href":"https:\/\/www.sdtonline.net\/SDTWeb\/wp-json\/wp\/v2\/pages\/137\/revisions"}],"predecessor-version":[{"id":480,"href":"https:\/\/www.sdtonline.net\/SDTWeb\/wp-json\/wp\/v2\/pages\/137\/revisions\/480"}],"up":[{"embeddable":true,"href":"https:\/\/www.sdtonline.net\/SDTWeb\/wp-json\/wp\/v2\/pages\/125"}],"wp:attachment":[{"href":"https:\/\/www.sdtonline.net\/SDTWeb\/wp-json\/wp\/v2\/media?parent=137"}],"curies":[{"name":"wp","href":"https:\/\/api.w.org\/{rel}","templated":true}]}}