{"id":1286,"date":"2022-10-12T19:25:23","date_gmt":"2022-10-12T19:25:23","guid":{"rendered":"https:\/\/www.sdtonline.net\/SDTWeb\/?page_id=1286"},"modified":"2022-10-12T22:57:15","modified_gmt":"2022-10-12T22:57:15","slug":"app-development","status":"publish","type":"page","link":"https:\/\/www.sdtonline.net\/SDTWeb\/app-development\/","title":{"rendered":"App Development"},"content":{"rendered":"<style>\/*! elementor - v3.7.8 - 02-10-2022 *\/\n.elementor-widget-image{text-align:center}.elementor-widget-image a{display:inline-block}.elementor-widget-image a img[src$=\".svg\"]{width:48px}.elementor-widget-image img{vertical-align:middle;display:inline-block}<\/style>\n<p>\t\t\t\t\t\t\t\t\t\t\t\t<img decoding=\"async\" width=\"6016\" height=\"4016\" src=\"https:\/\/www.sdtonline.net\/SDTWeb\/wp-content\/uploads\/2019\/12\/Canva-Black-and-Gray-Laptop-Computer-Turned-on-Doing-Computer-Codes.jpg\" alt=\"\" loading=\"lazy\" srcset=\"https:\/\/www.sdtonline.net\/SDTWeb\/wp-content\/uploads\/2019\/12\/Canva-Black-and-Gray-Laptop-Computer-Turned-on-Doing-Computer-Codes.jpg 6016w, https:\/\/www.sdtonline.net\/SDTWeb\/wp-content\/uploads\/2019\/12\/Canva-Black-and-Gray-Laptop-Computer-Turned-on-Doing-Computer-Codes-300x200.jpg 300w, https:\/\/www.sdtonline.net\/SDTWeb\/wp-content\/uploads\/2019\/12\/Canva-Black-and-Gray-Laptop-Computer-Turned-on-Doing-Computer-Codes-768x513.jpg 768w, https:\/\/www.sdtonline.net\/SDTWeb\/wp-content\/uploads\/2019\/12\/Canva-Black-and-Gray-Laptop-Computer-Turned-on-Doing-Computer-Codes-1024x684.jpg 1024w, https:\/\/www.sdtonline.net\/SDTWeb\/wp-content\/uploads\/2019\/12\/Canva-Black-and-Gray-Laptop-Computer-Turned-on-Doing-Computer-Codes-275x184.jpg 275w, https:\/\/www.sdtonline.net\/SDTWeb\/wp-content\/uploads\/2019\/12\/Canva-Black-and-Gray-Laptop-Computer-Turned-on-Doing-Computer-Codes-244x164.jpg 244w, https:\/\/www.sdtonline.net\/SDTWeb\/wp-content\/uploads\/2019\/12\/Canva-Black-and-Gray-Laptop-Computer-Turned-on-Doing-Computer-Codes-272x182.jpg 272w\" sizes=\"auto, (max-width: 6016px) 100vw, 6016px\" \/>\t\t\t\t\t\t\t\t\t\t\t\t\t\t\t<\/p>\n<style>\/*! elementor - v3.7.8 - 02-10-2022 *\/\n.elementor-heading-title{padding:0;margin:0;line-height:1}.elementor-widget-heading .elementor-heading-title[class*=elementor-size-]>a{color:inherit;font-size:inherit;line-height:inherit}.elementor-widget-heading .elementor-heading-title.elementor-size-small{font-size:15px}.elementor-widget-heading .elementor-heading-title.elementor-size-medium{font-size:19px}.elementor-widget-heading .elementor-heading-title.elementor-size-large{font-size:29px}.elementor-widget-heading .elementor-heading-title.elementor-size-xl{font-size:39px}.elementor-widget-heading .elementor-heading-title.elementor-size-xxl{font-size:59px}<\/style>\n<h5>Desarrollo de Aplicaciones<\/h5>\n<h2>DESARROLLO E IMPLEMENTACI\u00d3N DE APLICACIONES<\/h2>\n<h2> SDT Cuenta con un cat\u00e1logo de aplicaciones desarrolladas a la medida para cubrir las diferentes necesidades operacionales de las empresas.<\/h2>\n<h2>Desarrollo de excelencia para el benedificio de su empresa<\/h2>\n<p>                            <img decoding=\"async\" src=\"\" alt=\"\"><\/p>\n<h4>Desarrollo Personalizado para sus aplicaciones<\/h4>\n<p><p>SDT cuenta con un cat\u00e1logo de aplicaciones desarrolladas a la medida para cubrir las diferentes necesidades operacionales de las empresas. Nos acomplamos a los est\u00e1ndares de creaci\u00f3n de aplicativos\u00a0 para lograr as\u00ed la aplicaci\u00f3n &#8220;perfecta&#8221; para su empresa.<\/p>\n<\/p>\n<p>                            <img decoding=\"async\" src=\"\" alt=\"\"><\/p>\n<h4>Instalaciones Locales o Nube<\/h4>\n<p><p>Todas las aplicaciones pueden ser ofrecidas en instalaciones locales o en la nube (<strong>SAAS<\/strong>) seg\u00fan sea la su necesidad y presupuesto. SDT Tambi\u00e9n puede desarrollar aplicaciones a la medida cumpliendo con exactitud las necesidades y requisitos que su organizaci\u00f3n tenga que cubrir.<\/p>\n<\/p>\n<p>                            <img decoding=\"async\" src=\"\" alt=\"\"><\/p>\n<h4>Calidad en Desarrollo e Implementaci\u00f3n<\/h4>\n<p><p>Hemos desarrollado e implementado una gran variedad de programas y soluciones a la medida para organizaciones tales como Autoridad de Energ\u00eda El\u00e9ctrica, Departamento de Educaci\u00f3n de Puerto Rico y la Corporaci\u00f3n del Fondo del Seguro del Estado entre otras.<\/p>\n<\/p>\n<h2>Alguno de los servicios de Web Hosting<\/h2>\n<ul id=\"eael-feature-list-69ae1765\">\n<li>\n<h3\t\t\t\t\t\t\t>Obt\u00e9n su propio dominio<\/h3\t\t\t\t\t\t>\n<p>Selecci\u00f3n de dominio personalizado para la compa\u00f1\u00eda (ej: nuestracompania.com, sujeto a disponibilidad).<\/p>\n<\/li>\n<li>\n<h3\t\t\t\t\t\t\t>Correos Institucionales<\/h3\t\t\t\t\t\t>\n<p>Cuentas de email registradas con el nombre de la compa\u00f1\u00eda@ (ej: jpueblo@compania.com).<\/p>\n<\/li>\n<li>\n<h3\t\t\t\t\t\t\t>Acceso 24\/7<\/h3\t\t\t\t\t\t>\n<p>Acceso a la p\u00e1gina web para modificaci\u00f3n y carga de contenido en la misma.<\/p>\n<\/li>\n<li>\n<h3\t\t\t\t\t\t\t>Herramientas Adicionales<\/h3\t\t\t\t\t\t>\n<p>Otros servicios (ftp, repositorio de fotos, cart, ssl).<\/p>\n<\/li>\n<\/ul>\n<p>\t\t\t\t\t\t\t\t\t\t\t\t\t\t\t<img decoding=\"async\" width=\"5517\" height=\"3997\" src=\"https:\/\/www.sdtonline.net\/SDTWeb\/wp-content\/uploads\/2020\/02\/campaign-creators-3WNi-5s4LVg-unsplash.jpg\" alt=\"\" loading=\"lazy\" srcset=\"https:\/\/www.sdtonline.net\/SDTWeb\/wp-content\/uploads\/2020\/02\/campaign-creators-3WNi-5s4LVg-unsplash.jpg 5517w, https:\/\/www.sdtonline.net\/SDTWeb\/wp-content\/uploads\/2020\/02\/campaign-creators-3WNi-5s4LVg-unsplash-300x217.jpg 300w, https:\/\/www.sdtonline.net\/SDTWeb\/wp-content\/uploads\/2020\/02\/campaign-creators-3WNi-5s4LVg-unsplash-768x556.jpg 768w, https:\/\/www.sdtonline.net\/SDTWeb\/wp-content\/uploads\/2020\/02\/campaign-creators-3WNi-5s4LVg-unsplash-1024x742.jpg 1024w\" sizes=\"auto, (max-width: 5517px) 100vw, 5517px\" \/><\/p>\n","protected":false},"excerpt":{"rendered":"<p>Desarrollo de Aplicaciones DESARROLLO E IMPLEMENTACI\u00d3N DE APLICACIONES SDT Cuenta con un cat\u00e1logo de aplicaciones desarrolladas a la medida para cubrir las diferentes necesidades operacionales de las empresas. Desarrollo de excelencia para el benedificio de su empresa Desarrollo Personalizado para sus aplicaciones SDT cuenta con un cat\u00e1logo de aplicaciones desarrolladas a la medida para cubrir [&hellip;]<\/p>\n","protected":false},"author":1,"featured_media":757,"parent":0,"menu_order":0,"comment_status":"closed","ping_status":"closed","template":"","meta":{"footnotes":""},"class_list":["post-1286","page","type-page","status-publish","has-post-thumbnail","hentry"],"_links":{"self":[{"href":"https:\/\/www.sdtonline.net\/SDTWeb\/wp-json\/wp\/v2\/pages\/1286","targetHints":{"allow":["GET"]}}],"collection":[{"href":"https:\/\/www.sdtonline.net\/SDTWeb\/wp-json\/wp\/v2\/pages"}],"about":[{"href":"https:\/\/www.sdtonline.net\/SDTWeb\/wp-json\/wp\/v2\/types\/page"}],"author":[{"embeddable":true,"href":"https:\/\/www.sdtonline.net\/SDTWeb\/wp-json\/wp\/v2\/users\/1"}],"replies":[{"embeddable":true,"href":"https:\/\/www.sdtonline.net\/SDTWeb\/wp-json\/wp\/v2\/comments?post=1286"}],"version-history":[{"count":13,"href":"https:\/\/www.sdtonline.net\/SDTWeb\/wp-json\/wp\/v2\/pages\/1286\/revisions"}],"predecessor-version":[{"id":1317,"href":"https:\/\/www.sdtonline.net\/SDTWeb\/wp-json\/wp\/v2\/pages\/1286\/revisions\/1317"}],"wp:featuredmedia":[{"embeddable":true,"href":"https:\/\/www.sdtonline.net\/SDTWeb\/wp-json\/wp\/v2\/media\/757"}],"wp:attachment":[{"href":"https:\/\/www.sdtonline.net\/SDTWeb\/wp-json\/wp\/v2\/media?parent=1286"}],"curies":[{"name":"wp","href":"https:\/\/api.w.org\/{rel}","templated":true}]}}