{"id":1246,"date":"2022-10-07T16:47:37","date_gmt":"2022-10-07T16:47:37","guid":{"rendered":"https:\/\/www.sdtonline.net\/SDTWeb\/?page_id=1246"},"modified":"2022-10-12T18:41:19","modified_gmt":"2022-10-12T18:41:19","slug":"web-hosting","status":"publish","type":"page","link":"https:\/\/www.sdtonline.net\/SDTWeb\/web-hosting\/","title":{"rendered":"Web Hosting"},"content":{"rendered":"<style>\/*! elementor - v3.7.8 - 02-10-2022 *\/\n.elementor-widget-image{text-align:center}.elementor-widget-image a{display:inline-block}.elementor-widget-image a img[src$=\".svg\"]{width:48px}.elementor-widget-image img{vertical-align:middle;display:inline-block}<\/style>\n<p>\t\t\t\t\t\t\t\t\t\t\t\t<img decoding=\"async\" width=\"2560\" height=\"1707\" src=\"https:\/\/www.sdtonline.net\/SDTWeb\/wp-content\/uploads\/2021\/10\/luca-bravo-XJXWbfSo2f0-unsplash-scaled.jpg\" alt=\"\" loading=\"lazy\" srcset=\"https:\/\/www.sdtonline.net\/SDTWeb\/wp-content\/uploads\/2021\/10\/luca-bravo-XJXWbfSo2f0-unsplash-scaled.jpg 2560w, https:\/\/www.sdtonline.net\/SDTWeb\/wp-content\/uploads\/2021\/10\/luca-bravo-XJXWbfSo2f0-unsplash-300x200.jpg 300w, https:\/\/www.sdtonline.net\/SDTWeb\/wp-content\/uploads\/2021\/10\/luca-bravo-XJXWbfSo2f0-unsplash-1024x683.jpg 1024w, https:\/\/www.sdtonline.net\/SDTWeb\/wp-content\/uploads\/2021\/10\/luca-bravo-XJXWbfSo2f0-unsplash-768x512.jpg 768w, https:\/\/www.sdtonline.net\/SDTWeb\/wp-content\/uploads\/2021\/10\/luca-bravo-XJXWbfSo2f0-unsplash-1536x1024.jpg 1536w, https:\/\/www.sdtonline.net\/SDTWeb\/wp-content\/uploads\/2021\/10\/luca-bravo-XJXWbfSo2f0-unsplash-2048x1365.jpg 2048w, https:\/\/www.sdtonline.net\/SDTWeb\/wp-content\/uploads\/2021\/10\/luca-bravo-XJXWbfSo2f0-unsplash-275x184.jpg 275w, https:\/\/www.sdtonline.net\/SDTWeb\/wp-content\/uploads\/2021\/10\/luca-bravo-XJXWbfSo2f0-unsplash-244x164.jpg 244w\" sizes=\"auto, (max-width: 2560px) 100vw, 2560px\" \/>\t\t\t\t\t\t\t\t\t\t\t\t\t\t\t<\/p>\n<style>\/*! elementor - v3.7.8 - 02-10-2022 *\/\n.elementor-heading-title{padding:0;margin:0;line-height:1}.elementor-widget-heading .elementor-heading-title[class*=elementor-size-]>a{color:inherit;font-size:inherit;line-height:inherit}.elementor-widget-heading .elementor-heading-title.elementor-size-small{font-size:15px}.elementor-widget-heading .elementor-heading-title.elementor-size-medium{font-size:19px}.elementor-widget-heading .elementor-heading-title.elementor-size-large{font-size:29px}.elementor-widget-heading .elementor-heading-title.elementor-size-xl{font-size:39px}.elementor-widget-heading .elementor-heading-title.elementor-size-xxl{font-size:59px}<\/style>\n<h5>web hosting<\/h5>\n<h2>Mejora la presencia de tu compa\u00f1\u00eda en el web<\/h2>\n<h2> Despreoc\u00fapate de tu presencia en el internet con nuestro servicio web que incluye un website est\u00e1ndard para compa\u00f1\u00edas (template) actualizado con la informaci\u00f3n de la Instituci\u00f3n. Incluimos la cuenta y configuraci\u00f3n de un email privado para todos los empleados regulares, todos registrados bajo el nombre de la Compa\u00f1\u00eda en el internet, para los env\u00edos de mensajes generados desde el webmail, con las mismas capacidades y caracter\u00edsticas de una cuenta de email privada.<\/h2>\n<h2>Obt\u00e9n m\u00e1s informaci\u00f3n sobre nuestros servicios de Web Hosting<\/h2>\n<p>            <a href=\"#\" data-text=\"Go!\"><br \/>\n                    Cont\u00e1ctanos<br \/>\n\t                        <\/a><\/p>\n<h2>Alguno de los servicios de Web Hosting<\/h2>\n<ul id=\"eael-feature-list-69ae1765\">\n<li>\n<h3\t\t\t\t\t\t\t>Obt\u00e9n su propio dominio<\/h3\t\t\t\t\t\t>\n<p>Selecci\u00f3n de dominio personalizado para la compa\u00f1\u00eda (ej: nuestracompania.com, sujeto a disponibilidad).<\/p>\n<\/li>\n<li>\n<h3\t\t\t\t\t\t\t>Correos Institucionales<\/h3\t\t\t\t\t\t>\n<p>Cuentas de email registradas con el nombre de la compa\u00f1\u00eda@ (ej: jpueblo@compania.com).<\/p>\n<\/li>\n<li>\n<h3\t\t\t\t\t\t\t>Acceso 24\/7<\/h3\t\t\t\t\t\t>\n<p>Acceso a la p\u00e1gina web para modificaci\u00f3n y carga de contenido en la misma.<\/p>\n<\/li>\n<li>\n<h3\t\t\t\t\t\t\t>Herramientas Adicionales<\/h3\t\t\t\t\t\t>\n<p>Otros servicios (ftp, repositorio de fotos, cart, ssl).<\/p>\n<\/li>\n<\/ul>\n<p>\t\t\t\t\t\t\t\t\t\t\t\t\t\t\t<img decoding=\"async\" width=\"5517\" height=\"3997\" src=\"https:\/\/www.sdtonline.net\/SDTWeb\/wp-content\/uploads\/2020\/02\/campaign-creators-3WNi-5s4LVg-unsplash.jpg\" alt=\"\" loading=\"lazy\" srcset=\"https:\/\/www.sdtonline.net\/SDTWeb\/wp-content\/uploads\/2020\/02\/campaign-creators-3WNi-5s4LVg-unsplash.jpg 5517w, https:\/\/www.sdtonline.net\/SDTWeb\/wp-content\/uploads\/2020\/02\/campaign-creators-3WNi-5s4LVg-unsplash-300x217.jpg 300w, https:\/\/www.sdtonline.net\/SDTWeb\/wp-content\/uploads\/2020\/02\/campaign-creators-3WNi-5s4LVg-unsplash-768x556.jpg 768w, https:\/\/www.sdtonline.net\/SDTWeb\/wp-content\/uploads\/2020\/02\/campaign-creators-3WNi-5s4LVg-unsplash-1024x742.jpg 1024w\" sizes=\"auto, (max-width: 5517px) 100vw, 5517px\" \/><\/p>\n","protected":false},"excerpt":{"rendered":"<p>web hosting Mejora la presencia de tu compa\u00f1\u00eda en el web Despreoc\u00fapate de tu presencia en el internet con nuestro servicio web que incluye un website est\u00e1ndard para compa\u00f1\u00edas (template) actualizado con la informaci\u00f3n de la Instituci\u00f3n. Incluimos la cuenta y configuraci\u00f3n de un email privado para todos los empleados regulares, todos registrados bajo el [&hellip;]<\/p>\n","protected":false},"author":1,"featured_media":0,"parent":0,"menu_order":0,"comment_status":"closed","ping_status":"closed","template":"home-template.php","meta":{"footnotes":""},"class_list":["post-1246","page","type-page","status-publish","hentry"],"_links":{"self":[{"href":"https:\/\/www.sdtonline.net\/SDTWeb\/wp-json\/wp\/v2\/pages\/1246","targetHints":{"allow":["GET"]}}],"collection":[{"href":"https:\/\/www.sdtonline.net\/SDTWeb\/wp-json\/wp\/v2\/pages"}],"about":[{"href":"https:\/\/www.sdtonline.net\/SDTWeb\/wp-json\/wp\/v2\/types\/page"}],"author":[{"embeddable":true,"href":"https:\/\/www.sdtonline.net\/SDTWeb\/wp-json\/wp\/v2\/users\/1"}],"replies":[{"embeddable":true,"href":"https:\/\/www.sdtonline.net\/SDTWeb\/wp-json\/wp\/v2\/comments?post=1246"}],"version-history":[{"count":25,"href":"https:\/\/www.sdtonline.net\/SDTWeb\/wp-json\/wp\/v2\/pages\/1246\/revisions"}],"predecessor-version":[{"id":1284,"href":"https:\/\/www.sdtonline.net\/SDTWeb\/wp-json\/wp\/v2\/pages\/1246\/revisions\/1284"}],"wp:attachment":[{"href":"https:\/\/www.sdtonline.net\/SDTWeb\/wp-json\/wp\/v2\/media?parent=1246"}],"curies":[{"name":"wp","href":"https:\/\/api.w.org\/{rel}","templated":true}]}}